{"id":32,"date":"2014-07-04T13:23:30","date_gmt":"2014-07-04T11:23:30","guid":{"rendered":"http:\/\/www.drobbe-weisbrod.de\/wordpress\/?page_id=32"},"modified":"2015-10-21T13:14:35","modified_gmt":"2015-10-21T11:14:35","slug":"ueber-uns","status":"publish","type":"page","link":"https:\/\/www.drobbe-weisbrod.de\/?page_id=32","title":{"rendered":"\u00dcber uns"},"content":{"rendered":"<p>Die Drobbe &amp; Weisbrod KG wurde durch Hrn. Max Drobbe und Hrn. Werner Weisbrod im Jahr 2005 gegr\u00fcndet. Die beiden Gesch\u00e4ftsf\u00fchrer konnten bereits zum damaligen Zeitpunkt auf eine lange Erfahrung im Tiefbau wie auch bei der Entsorgung von Sch\u00fcttg\u00fctern zur\u00fcckblicken.<\/p>\n<p>Ausgestattet mit einem Kompostierungs- und Lagerplatz im S\u00fcden Berlins, einer Siloanlage sowie 2 Radladern startete die Drobbe &amp; Weisbrod KG ihren Betrieb. Innerhalb k\u00fcrzester Zeit konnte das Unternehmen den steigenden Bedarf an Transport- und Entsorgungsdienstleistungen, vor allem von Garten- und Landschaftsbaufirmen, Privatpersonen und auch Tiefbaufirmen, mit dem Einsatzes eines Selbstladerfahrers und Containerfahrzeugs bedienen.<\/p>\n<p>Mit dem Anspruch, p\u00fcnktliche und fachgerechte Arbeiten auszuf\u00fchren, entwickelte sich die Drobbe &amp; Weisbrod KG zu einem verl\u00e4sslichen Partner f\u00fcr viele Unternehmen, mit welchen derweil jahrelange Partnerschaften und Kooperationen bestehen.<\/p>\n","protected":false},"excerpt":{"rendered":"<p>Die Drobbe &amp; Weisbrod KG wurde durch Hrn. Max Drobbe und Hrn. Werner Weisbrod im Jahr 2005 gegr\u00fcndet. Die beiden Gesch\u00e4ftsf\u00fchrer konnten bereits zum damaligen Zeitpunkt auf eine lange Erfahrung im Tiefbau wie auch bei der Entsorgung von Sch\u00fcttg\u00fctern zur\u00fcckblicken.<\/p>\n","protected":false},"author":1,"featured_media":0,"parent":0,"menu_order":0,"comment_status":"closed","ping_status":"open","template":"","meta":{"footnotes":""},"class_list":["post-32","page","type-page","status-publish","hentry"],"_links":{"self":[{"href":"https:\/\/www.drobbe-weisbrod.de\/index.php?rest_route=\/wp\/v2\/pages\/32","targetHints":{"allow":["GET"]}}],"collection":[{"href":"https:\/\/www.drobbe-weisbrod.de\/index.php?rest_route=\/wp\/v2\/pages"}],"about":[{"href":"https:\/\/www.drobbe-weisbrod.de\/index.php?rest_route=\/wp\/v2\/types\/page"}],"author":[{"embeddable":true,"href":"https:\/\/www.drobbe-weisbrod.de\/index.php?rest_route=\/wp\/v2\/users\/1"}],"replies":[{"embeddable":true,"href":"https:\/\/www.drobbe-weisbrod.de\/index.php?rest_route=%2Fwp%2Fv2%2Fcomments&post=32"}],"version-history":[{"count":6,"href":"https:\/\/www.drobbe-weisbrod.de\/index.php?rest_route=\/wp\/v2\/pages\/32\/revisions"}],"predecessor-version":[{"id":136,"href":"https:\/\/www.drobbe-weisbrod.de\/index.php?rest_route=\/wp\/v2\/pages\/32\/revisions\/136"}],"wp:attachment":[{"href":"https:\/\/www.drobbe-weisbrod.de\/index.php?rest_route=%2Fwp%2Fv2%2Fmedia&parent=32"}],"curies":[{"name":"wp","href":"https:\/\/api.w.org\/{rel}","templated":true}]}}